{"id":149,"date":"2023-08-09T12:45:39","date_gmt":"2023-08-09T10:45:39","guid":{"rendered":"https:\/\/test-innowacje.opi.org.pl\/?page_id=149"},"modified":"2023-09-14T10:46:35","modified_gmt":"2023-09-14T08:46:35","slug":"online-courses","status":"publish","type":"page","link":"https:\/\/innowacje.opi.org.pl\/en\/what-are-you-searching-for\/online-courses\/","title":{"rendered":"Online courses"},"content":{"rendered":"\n<section class=\"wp-block-group\"><div class=\"wp-block-group__inner-container is-layout-constrained wp-block-group-is-layout-constrained\">\n<h2 class=\"wp-block-heading\">NAVOICA<\/h2>\n\n\n\n<p>Develop business intuition and creativity. Develop proficiency and expertise to foster innovation. With the NAVOICA education platform, you can learn wherever and whenever you want. NAVOICA offers courses prepared by experts from leading Polish academic centres.<\/p>\n\n\n\n<div class=\"wp-block-buttons buttons-light-out is-layout-flex wp-block-buttons-is-layout-flex\">\n<div class=\"wp-block-button\"><a class=\"wp-block-button__link wp-element-button external\" href=\"https:\/\/navoica.pl\/\" target=\"_blank\" rel=\"noreferrer noopener\">Go to NAVOICA<\/a><\/div>\n<\/div>\n\n\n\n<h3 class=\"wp-block-heading\">NAVOICA courses<\/h3>\n\n\n\n<p>200 courses in economics and finance, business and management, information technology, programming, foreign languages and more. <br>If you are planning to implement innovative solutions in your enterprise, explore our special courses for innovators.<br>Stay informed about our constantly evolving course selection by visiting our site regularly.<\/p>\n\n\n\n<h4 class=\"wp-block-heading\">The latest innovation course:<\/h4>\n\n\n\n<div class=\"wp-block-media-text is-stacked-on-mobile opi-innovations-course\"><figure class=\"wp-block-media-text__media\"><img loading=\"lazy\" decoding=\"async\" width=\"170\" height=\"170\" src=\"https:\/\/innowacje.opi.org.pl\/wp-content\/uploads\/2023\/09\/asset-v1_PolitechnikaKrakowskaAIP_032022_3type@assetblock@oko_wizytowka-170x170-1.jpg\" alt=\"\" class=\"wp-image-433 size-thumbnail\"\/><\/figure><div class=\"wp-block-media-text__content\">\n<p><a href=\"https:\/\/navoica.pl\/courses\/course-v1:PolitechnikaKrakowska+AIP_03+2022_3\/about\" data-type=\"link\" data-id=\"https:\/\/navoica.pl\/courses\/course-v1:PolitechnikaKrakowska+AIP_03+2022_3\/about\" target=\"_blank\" rel=\"noreferrer noopener\" class=\"external\">Zarz\u0105dzanie innowacjami<\/a><\/p>\n\n\n\n<p>Politechnika Krakowska<\/p>\n\n\n\n<p>Kurs prezentuje specyfik\u0119 zarz\u0105dzania innowacjami i g\u0142\u00f3wnymi modelami wdra\u017cania innowacji do gospodarki oraz ochron\u0105 w\u0142asno\u015bci intelektualnej.<\/p>\n<\/div><\/div>\n\n\n\n<h4 class=\"wp-block-heading\">Other courses for you:<\/h4>\n\n\n\n<div class=\"wp-block-media-text is-stacked-on-mobile opi-innovations-course\"><figure class=\"wp-block-media-text__media\"><img loading=\"lazy\" decoding=\"async\" width=\"170\" height=\"170\" src=\"https:\/\/innowacje.opi.org.pl\/wp-content\/uploads\/2023\/09\/asset-v1_PolitechnikaBialostockaAiPOB2022_3type@assetblock@AiPOB-miniatura-170x170-1.jpg\" alt=\"\" class=\"wp-image-429 size-thumbnail\"\/><\/figure><div class=\"wp-block-media-text__content\">\n<p><a href=\"https:\/\/navoica.pl\/courses\/course-v1:PolitechnikaBialostocka+AiPOB+2022_3\/about\" data-type=\"link\" data-id=\"https:\/\/navoica.pl\/courses\/course-v1:PolitechnikaBialostocka+AiPOB+2022_3\/about\" target=\"_blank\" rel=\"noreferrer noopener\" class=\"external\">Analiza i przetwarzanie obraz\u00f3w biometrycznych<\/a><\/p>\n\n\n\n<p>Politechnika Bia\u0142ostocka<\/p>\n\n\n\n<p>Kurs prezentuje specyfik\u0119 zarz\u0105dzania innowacjami i g\u0142\u00f3wnymi modelami wdra\u017cania innowacji do gospodarki oraz ochron\u0105\u2026<\/p>\n<\/div><\/div>\n\n\n\n<div class=\"wp-block-media-text is-stacked-on-mobile opi-innovations-course\"><figure class=\"wp-block-media-text__media\"><img loading=\"lazy\" decoding=\"async\" width=\"170\" height=\"170\" src=\"https:\/\/innowacje.opi.org.pl\/wp-content\/uploads\/2023\/09\/asset-v1_Politechnika_BialostockaPB_WIZ_P402022_2type@assetblock@grafika_miniatura_mooc-170x170-1.jpg\" alt=\"\" class=\"wp-image-435 size-thumbnail\"\/><\/figure><div class=\"wp-block-media-text__content\">\n<p><a href=\"https:\/\/navoica.pl\/courses\/course-v1:Politechnika_Bialostocka+PB_WIZ_P40+2022_2\/about\" data-type=\"link\" data-id=\"https:\/\/navoica.pl\/courses\/course-v1:Politechnika_Bialostocka+PB_WIZ_P40+2022_2\/about\" target=\"_blank\" rel=\"noreferrer noopener\" class=\"external\">Projektowanie procesu i wyrobu w warunkach Przemys\u0142u 4.0<\/a><\/p>\n\n\n\n<p>Politechnika Bia\u0142ostocka<\/p>\n\n\n\n<p>Kurs zawiera podstawowe informacje na temat zasad obowi\u0105zuj\u0105cych przy projektowaniu procesu i wyrobu \u2026<\/p>\n<\/div><\/div>\n\n\n\n<div class=\"wp-block-media-text is-stacked-on-mobile opi-innovations-course\"><figure class=\"wp-block-media-text__media\"><img loading=\"lazy\" decoding=\"async\" width=\"170\" height=\"170\" src=\"https:\/\/innowacje.opi.org.pl\/wp-content\/uploads\/2023\/09\/asset-v1_PolitechnikaKrakowskaPK_WIMiF_Z5_012022_24type@assetblock@IMG_6603cc-170x170-1.png\" alt=\"\" class=\"wp-image-437 size-thumbnail\"\/><\/figure><div class=\"wp-block-media-text__content\">\n<p><a href=\"https:\/\/navoica.pl\/courses\/course-v1:PolitechnikaKrakowska+PK_WIMiF_Z5_01+2022_24\/about\" data-type=\"link\" data-id=\"https:\/\/navoica.pl\/courses\/course-v1:PolitechnikaKrakowska+PK_WIMiF_Z5_01+2022_24\/about\" target=\"_blank\" rel=\"noreferrer noopener\" class=\"external\">Geopolimery &#8211; nowoczesne i przyjazne \u015brodowisku materia\u0142y dla budownictwa<\/a><\/p>\n\n\n\n<p>Politechnika Krakowska<\/p>\n\n\n\n<p>W ramach kursu zaprezentowane zostan\u0105 sensory stosowane we wsp\u00f3\u0142czesnej technice pomiarowej oraz mo\u017cliwo\u015bci ich samodzielnego\u2026<\/p>\n<\/div><\/div>\n\n\n\n<h3 class=\"wp-block-heading\">Who can participate in our courses?&nbsp;<\/h3>\n\n\n\n<p>Our courses are available to the public. There are no restrictions on who can create an account or participating in a course. All you need is a computer, a tablet or a mobile phone with access to the internet.<\/p>\n\n\n\n<h3 class=\"wp-block-heading\">How much does it cost?<\/h3>\n\n\n\n<p>All of our courses are <strong>free of charge<\/strong>. We believe in open education.<\/p>\n\n\n\n<h3 class=\"wp-block-heading\">How to find a course?<\/h3>\n\n\n\n<p>There are two options:<\/p>\n\n\n\n<ol class=\"simple wp-block-list\">\n<li>Click on the Courses tab and browse the courses on offer. Use the filters to adjust the results to your needs.<\/li>\n\n\n\n<li>Enter the words that best describe your interest in the search box and press Enter. Look over the results and select the course you want to join.<\/li>\n<\/ol>\n\n\n\n<h3 class=\"wp-block-heading\">How to participate in courses?<\/h3>\n\n\n\n<p>Course descriptions include information on course availability and registration. Sign up to a course and start learning whenever you are ready. After completing your course, you will receive a certificate. Good luck!<\/p>\n<\/div><\/section>\n","protected":false},"excerpt":{"rendered":"<p>NAVOICA Develop business intuition and creativity. Develop proficiency and expertise to foster innovation. With the NAVOICA education platform, you can learn wherever and whenever you want. NAVOICA offers courses prepared by experts from leading Polish academic centres. NAVOICA courses 200 courses in economics and finance, business and management, information technology, programming, foreign languages and more.&hellip;<\/p>\n","protected":false},"author":2,"featured_media":0,"parent":138,"menu_order":800,"comment_status":"closed","ping_status":"closed","template":"","meta":{"footnotes":""},"class_list":["post-149","page","type-page","status-publish","hentry"],"_links":{"self":[{"href":"https:\/\/innowacje.opi.org.pl\/en\/wp-json\/wp\/v2\/pages\/149","targetHints":{"allow":["GET"]}}],"collection":[{"href":"https:\/\/innowacje.opi.org.pl\/en\/wp-json\/wp\/v2\/pages"}],"about":[{"href":"https:\/\/innowacje.opi.org.pl\/en\/wp-json\/wp\/v2\/types\/page"}],"author":[{"embeddable":true,"href":"https:\/\/innowacje.opi.org.pl\/en\/wp-json\/wp\/v2\/users\/2"}],"replies":[{"embeddable":true,"href":"https:\/\/innowacje.opi.org.pl\/en\/wp-json\/wp\/v2\/comments?post=149"}],"version-history":[{"count":4,"href":"https:\/\/innowacje.opi.org.pl\/en\/wp-json\/wp\/v2\/pages\/149\/revisions"}],"predecessor-version":[{"id":527,"href":"https:\/\/innowacje.opi.org.pl\/en\/wp-json\/wp\/v2\/pages\/149\/revisions\/527"}],"up":[{"embeddable":true,"href":"https:\/\/innowacje.opi.org.pl\/en\/wp-json\/wp\/v2\/pages\/138"}],"wp:attachment":[{"href":"https:\/\/innowacje.opi.org.pl\/en\/wp-json\/wp\/v2\/media?parent=149"}],"curies":[{"name":"wp","href":"https:\/\/api.w.org\/{rel}","templated":true}]}}